{"id":21,"date":"2016-01-21T14:32:36","date_gmt":"2016-01-21T13:32:36","guid":{"rendered":"http:\/\/osteopathie-wiesbaden.eu\/?page_id=21"},"modified":"2019-09-24T16:58:27","modified_gmt":"2019-09-24T14:58:27","slug":"kontakt","status":"publish","type":"page","link":"https:\/\/www.osteopathie-wiesbaden.info\/index.php\/kontakt\/","title":{"rendered":"Kontakt &#038; Anfahrt"},"content":{"rendered":"<h5 class=\"p1\"><\/h5>\n<h5 class=\"p1\"><span style=\"color: #90ccc5;\">So erreichen Sie mich:<\/span><\/h5>\n<p class=\"p1\"><b>Telefon \u00a00611 532 37 73<\/b><\/p>\n<p class=\"p1\">Hinterlassen Sie mir gerne eine Nachricht.<br \/>\nIch rufen dann so schnell wie m\u00f6glich zur\u00fcck!<\/p>\n<p class=\"p1\"><span style=\"color: #ffffff;\"><strong>hihihi<\/strong><\/span><\/p>\n<p class=\"p1\"><strong>Es sind gen\u00fcgend kostenfreie Parkpl\u00e4tze vor dem Haus vorhanden!<\/strong><\/p>\n\n<p>&nbsp;<\/p>\n<h5 class=\"p1\">Praxis f\u00fcr Osteopathie im Nerotal<img loading=\"lazy\" decoding=\"async\" class=\"size-medium wp-image-72 alignleft\" src=\"http:\/\/osteopathie-wiesbaden.eu\/wp-content\/uploads\/2016\/01\/Logo-Osteopathie-lang-151x300.jpg\" alt=\"Logo-Osteopathie-lang\" width=\"151\" height=\"300\" srcset=\"https:\/\/www.osteopathie-wiesbaden.info\/wp-content\/uploads\/2016\/01\/Logo-Osteopathie-lang-151x300.jpg 151w, https:\/\/www.osteopathie-wiesbaden.info\/wp-content\/uploads\/2016\/01\/Logo-Osteopathie-lang.jpg 428w\" sizes=\"auto, (max-width: 151px) 100vw, 151px\" \/><\/h5>\n<p class=\"p1\"><strong>Sonja Schweiger<\/strong><br \/>\nHeilpraktikerin<br \/>\nMitglied im Verband der Osteopathen VOD<br \/>\nRegistriert bei gesetzlichen Krankenkassen<\/p>\n<p>Wilhelminenstr. 32<br \/>\n65193 Wiesbaden<\/p>\n<p>Telefon: 0611 532 37 73<br \/>\nFax: 0611 445 663 82<br \/>\n<a href=\"mailto:praxis@osteopathie-wiesbaden.info\">praxis@osteopathie-wiesbaden.info<\/a><\/p>\n<p>&nbsp;<\/p>\n<p>&nbsp;<\/p>\n","protected":false},"excerpt":{"rendered":"<p>So erreichen Sie mich: Telefon \u00a00611 532 37 73 Hinterlassen Sie mir gerne eine Nachricht. Ich rufen dann so schnell wie m\u00f6glich zur\u00fcck! hihihi Es sind gen\u00fcgend kostenfreie Parkpl\u00e4tze vor dem Haus vorhanden! &nbsp; Praxis f\u00fcr Osteopathie im Nerotal Sonja<\/p>\n","protected":false},"author":1,"featured_media":0,"parent":0,"menu_order":0,"comment_status":"closed","ping_status":"closed","template":"","meta":{"footnotes":""},"class_list":["post-21","page","type-page","status-publish","hentry"],"_links":{"self":[{"href":"https:\/\/www.osteopathie-wiesbaden.info\/index.php\/wp-json\/wp\/v2\/pages\/21","targetHints":{"allow":["GET"]}}],"collection":[{"href":"https:\/\/www.osteopathie-wiesbaden.info\/index.php\/wp-json\/wp\/v2\/pages"}],"about":[{"href":"https:\/\/www.osteopathie-wiesbaden.info\/index.php\/wp-json\/wp\/v2\/types\/page"}],"author":[{"embeddable":true,"href":"https:\/\/www.osteopathie-wiesbaden.info\/index.php\/wp-json\/wp\/v2\/users\/1"}],"replies":[{"embeddable":true,"href":"https:\/\/www.osteopathie-wiesbaden.info\/index.php\/wp-json\/wp\/v2\/comments?post=21"}],"version-history":[{"count":39,"href":"https:\/\/www.osteopathie-wiesbaden.info\/index.php\/wp-json\/wp\/v2\/pages\/21\/revisions"}],"predecessor-version":[{"id":788,"href":"https:\/\/www.osteopathie-wiesbaden.info\/index.php\/wp-json\/wp\/v2\/pages\/21\/revisions\/788"}],"wp:attachment":[{"href":"https:\/\/www.osteopathie-wiesbaden.info\/index.php\/wp-json\/wp\/v2\/media?parent=21"}],"curies":[{"name":"wp","href":"https:\/\/api.w.org\/{rel}","templated":true}]}}