{"id":220,"date":"2016-02-17T13:49:48","date_gmt":"2016-02-17T12:49:48","guid":{"rendered":"http:\/\/osteopathie-wiesbaden.eu\/?page_id=220"},"modified":"2019-09-24T16:53:36","modified_gmt":"2019-09-24T14:53:36","slug":"fasziendistorsionsmodell","status":"publish","type":"page","link":"https:\/\/www.osteopathie-wiesbaden.info\/index.php\/fasziendistorsionsmodell\/","title":{"rendered":"Faszien-Distorsions-Modell (FDM)"},"content":{"rendered":"<h6><span style=\"color: #808080;\"><em><b>&#8222;Faszie<\/b> bezeichnet die Weichteil-Komponenten des\u00a0Bindegewebes, die den ganzen K\u00f6rper als ein umh\u00fcllendes und verbindendes Spannungsnetzwerk durchdringen.&#8220;<\/em><\/span><\/h6>\n<p>&nbsp;<\/p>\n<p><span style=\"color: #000000;\"><em><strong> Der amerikanische Osteopath und Notfallmediziner Dr. Stephen Typaldos D.O. (1957-2006) entwickelte von 1991-1993 das Faszien-Distorsions-Modell \u2013\u00a0Ein neuartiges Diagnose- und\u00a0 Behandlungskonzept bei Schmerzen des Bewegungsapparates.<\/strong><\/em><\/span><\/p>\n<p>&nbsp;<\/p>\n<div class=\"entry-content\">\n<p>Dr. Typaldos erkannte und erforschte die Rolle der Faszien als Dreh- und Angelpunkt f\u00fcr die Entstehung myofaszialer (bedeutet den Muskel (=Myo) und dessen bindegewebige H\u00fclle (=faszial) betreffend) Schmerzen und deren klinische Behandlung.<\/p>\n<p>Das FDM wird sehr erfolgreich bei Schmerzen der Muskeln, Gelenke und Sehnen, eingesetzt. So z.B. unter anderen bei Schulterschmerzen, R\u00fcckenschmerzen, Sportverletzungen, H\u00fcfte-, Knie- und Sprunggelenkverletzungen, Schmerzen an Daumen oder Zehen.<\/p>\n<p>Neben der klinischen Betrachtung und der Anamnese kommt der\u00a0 bestechenden Diagnosemethode sowie der therapeutischen Klarheit eine bedeutende Rolle zu. Denn der Patient selbst mit seiner K\u00f6rpersprache, das hei\u00dft, seiner spontanen sprachlichen und gestischen Schmerzbeschreibung, gibt den entscheidenden Hinweis f\u00fcr die Effizienz der Behandlung innerhalb des Faszien-Distorsions-Modells.<\/p>\n<p>Als \u00fcberragender Beobachter hatte Dr. Typaldos bei seinen Patienten, egal welcher ethnischen Herkunft, immer wieder gleiche Schmerz- und Beschreibungsmuster gesehen, obwohl sie unterschiedliche medizinische Diagnosen vorzuweisen hatten. So entdeckte er nacheinander die 6 Fasziendistorsionen (Continuumdistorsion, Triggerband, Hernierter Triggerpunkt, Faltdistorsion. Zylinderdistorsion, tektonische Fixation).<\/p>\n<h5 class=\"p1\"><\/h5>\n<h5 class=\"p1\"><\/h5>\n<h5 class=\"p1\"><\/h5>\n<h5 class=\"p1\">Praxis f\u00fcr Osteopathie im Nerotal<img loading=\"lazy\" decoding=\"async\" class=\"size-medium wp-image-72 alignleft\" src=\"http:\/\/osteopathie-wiesbaden.eu\/wp-content\/uploads\/2016\/01\/Logo-Osteopathie-lang-151x300.jpg\" alt=\"Logo-Osteopathie-lang\" width=\"151\" height=\"300\" srcset=\"https:\/\/www.osteopathie-wiesbaden.info\/wp-content\/uploads\/2016\/01\/Logo-Osteopathie-lang-151x300.jpg 151w, https:\/\/www.osteopathie-wiesbaden.info\/wp-content\/uploads\/2016\/01\/Logo-Osteopathie-lang.jpg 428w\" sizes=\"auto, (max-width: 151px) 100vw, 151px\" \/><\/h5>\n<p class=\"p1\"><strong>Sonja Schweiger<\/strong><br \/>\nHeilpraktikerin<br \/>\nMitglied im Verband der Osteopathen VOD<br \/>\nRegistriert bei gesetzlichen Krankenkassen<\/p>\n<p>Wilhelminenstr. 32<br \/>\n65193 Wiesbaden<\/p>\n<p>Telefon: 0611 532 37 73<br \/>\n<a href=\"mailto:praxis@osteopathie-wiesbaden.info\">praxis@osteopathie-wiesbaden.info<\/a><\/p>\n<\/div>\n","protected":false},"excerpt":{"rendered":"<p>&#8222;Faszie bezeichnet die Weichteil-Komponenten des\u00a0Bindegewebes, die den ganzen K\u00f6rper als ein umh\u00fcllendes und verbindendes Spannungsnetzwerk durchdringen.&#8220; &nbsp; Der amerikanische Osteopath und Notfallmediziner Dr. Stephen Typaldos D.O. (1957-2006) entwickelte von 1991-1993 das Faszien-Distorsions-Modell \u2013\u00a0Ein neuartiges Diagnose- und\u00a0 Behandlungskonzept bei Schmerzen des<\/p>\n","protected":false},"author":1,"featured_media":0,"parent":0,"menu_order":0,"comment_status":"closed","ping_status":"closed","template":"","meta":{"footnotes":""},"class_list":["post-220","page","type-page","status-publish","hentry"],"_links":{"self":[{"href":"https:\/\/www.osteopathie-wiesbaden.info\/index.php\/wp-json\/wp\/v2\/pages\/220","targetHints":{"allow":["GET"]}}],"collection":[{"href":"https:\/\/www.osteopathie-wiesbaden.info\/index.php\/wp-json\/wp\/v2\/pages"}],"about":[{"href":"https:\/\/www.osteopathie-wiesbaden.info\/index.php\/wp-json\/wp\/v2\/types\/page"}],"author":[{"embeddable":true,"href":"https:\/\/www.osteopathie-wiesbaden.info\/index.php\/wp-json\/wp\/v2\/users\/1"}],"replies":[{"embeddable":true,"href":"https:\/\/www.osteopathie-wiesbaden.info\/index.php\/wp-json\/wp\/v2\/comments?post=220"}],"version-history":[{"count":16,"href":"https:\/\/www.osteopathie-wiesbaden.info\/index.php\/wp-json\/wp\/v2\/pages\/220\/revisions"}],"predecessor-version":[{"id":783,"href":"https:\/\/www.osteopathie-wiesbaden.info\/index.php\/wp-json\/wp\/v2\/pages\/220\/revisions\/783"}],"wp:attachment":[{"href":"https:\/\/www.osteopathie-wiesbaden.info\/index.php\/wp-json\/wp\/v2\/media?parent=220"}],"curies":[{"name":"wp","href":"https:\/\/api.w.org\/{rel}","templated":true}]}}