{"id":27,"date":"2016-01-21T14:34:45","date_gmt":"2016-01-21T13:34:45","guid":{"rendered":"http:\/\/osteopathie-wiesbaden.eu\/?page_id=27"},"modified":"2024-04-18T12:13:55","modified_gmt":"2024-04-18T10:13:55","slug":"sonja-schweiger","status":"publish","type":"page","link":"https:\/\/www.osteopathie-wiesbaden.info\/index.php\/sonja-schweiger\/","title":{"rendered":"Beruflicher Werdegang"},"content":{"rendered":"<p class=\"p1\"><img loading=\"lazy\" decoding=\"async\" class=\"alignright wp-image-150 size-medium\" src=\"http:\/\/osteopathie-wiesbaden.eu\/wp-content\/uploads\/2016\/02\/Sonja_Lebenslauf_quadratisch2-300x300.jpg\" alt=\"Sonja_Lebenslauf_quadratisch2\" width=\"300\" height=\"300\" srcset=\"https:\/\/www.osteopathie-wiesbaden.info\/wp-content\/uploads\/2016\/02\/Sonja_Lebenslauf_quadratisch2-300x300.jpg 300w, https:\/\/www.osteopathie-wiesbaden.info\/wp-content\/uploads\/2016\/02\/Sonja_Lebenslauf_quadratisch2-150x150.jpg 150w, https:\/\/www.osteopathie-wiesbaden.info\/wp-content\/uploads\/2016\/02\/Sonja_Lebenslauf_quadratisch2-270x270.jpg 270w, https:\/\/www.osteopathie-wiesbaden.info\/wp-content\/uploads\/2016\/02\/Sonja_Lebenslauf_quadratisch2-230x230.jpg 230w, https:\/\/www.osteopathie-wiesbaden.info\/wp-content\/uploads\/2016\/02\/Sonja_Lebenslauf_quadratisch2.jpg 397w\" sizes=\"auto, (max-width: 300px) 100vw, 300px\" \/><\/p>\n<h6 class=\"p1\"><span class=\"s1\">2001 \u2013 2006<\/span><\/h6>\n<p class=\"p1\"><span class=\"s1\">5-j\u00e4hriges Vollzeitstudium der Osteopathie in Schlangenbad \/ Wiesbaden<\/span><\/p>\n<h6 class=\"p1\"><\/h6>\n<h6 class=\"p1\">seit 2006<\/h6>\n<p class=\"p1\"><span class=\"s1\">BAO-gepr\u00fcfte Osteopathin,\u00a0<\/span><span class=\"s1\">staatlich gepr\u00fcfte Heilpraktikerin<\/span><\/p>\n<h6 class=\"p1\"><\/h6>\n<h6 class=\"p1\"><span class=\"s1\">seit 2007<\/span><\/h6>\n<p class=\"p1\">Freie Mitarbeit in verschiedenen Osteopathischen Praxen mit Schwerpunkt der Behandlung<br \/>\nvon S\u00e4uglingen, Kindern und Schwangeren<\/p>\n<p class=\"p1\"><span class=\"s1\">Weiterf\u00fchrende Fortbildungen in der osteopathischen S\u00e4uglings-, Kinder- und\u00a0Schwangeren-<br \/>\n<\/span><span class=\"s1\">behandlung\u00a0unter anderem bei Piet Dijs in Mainz, Eva M\u00f6ckel und Noori Mitha in Hamburg<\/span><\/p>\n<h6 class=\"p1\"><\/h6>\n<h6 class=\"p1\"><span class=\"s1\">seit 2013<\/span><\/h6>\n<p class=\"p1\"><span class=\"s1\">Fortbildung zur FDM-Therapeutin in M\u00fcnchen (Faszien-Distorsions-Modell)<\/span><\/p>\n<p class=\"p1\"><span class=\"s1\">Eigene Osteopathiepraxis in Wiesbaden<\/span><\/p>\n<h6 class=\"p1\"><\/h6>\n<h6 class=\"p1\"><span class=\"s1\">seit 2015<\/span><\/h6>\n<p class=\"p1\"><span class=\"s1\">Inhaberin der Praxis f\u00fcr Osteopathie im Nerotal<\/span><\/p>\n<p><strong>Mitglied im Verband der Osteopathen Deutschland e.V. (VOD), Wiesbaden<\/strong><\/p>\n<p><span style=\"color: #ffffff;\">fff<\/span><\/p>\n<p><span style=\"color: #ffffff;\">fff<\/span><\/p>\n<h5 class=\"p1\">Praxis f\u00fcr Osteopathie im Nerotal<img loading=\"lazy\" decoding=\"async\" class=\"size-medium wp-image-72 alignleft\" src=\"http:\/\/osteopathie-wiesbaden.eu\/wp-content\/uploads\/2016\/01\/Logo-Osteopathie-lang-151x300.jpg\" alt=\"Logo-Osteopathie-lang\" width=\"151\" height=\"300\" srcset=\"https:\/\/www.osteopathie-wiesbaden.info\/wp-content\/uploads\/2016\/01\/Logo-Osteopathie-lang-151x300.jpg 151w, https:\/\/www.osteopathie-wiesbaden.info\/wp-content\/uploads\/2016\/01\/Logo-Osteopathie-lang.jpg 428w\" sizes=\"auto, (max-width: 151px) 100vw, 151px\" \/><\/h5>\n<p class=\"p1\"><strong>Sonja Schweiger<\/strong><br \/>\nHeilpraktikerin<br \/>\nMitglied im Verband der Osteopathen VOD<br \/>\nRegistriert bei gesetzlichen Krankenkassen<\/p>\n<p>Wilhelminenstr. 32<br \/>\n65193 Wiesbaden<\/p>\n<p>Telefon: 0611 532 37 73<br \/>\n<a href=\"mailto:praxis@osteopathie-wiesbaden.info\">praxis@osteopathie-wiesbaden.info<\/a><\/p>\n","protected":false},"excerpt":{"rendered":"<p>2001 \u2013 2006 5-j\u00e4hriges Vollzeitstudium der Osteopathie in Schlangenbad \/ Wiesbaden seit 2006 BAO-gepr\u00fcfte Osteopathin,\u00a0staatlich gepr\u00fcfte Heilpraktikerin seit 2007 Freie Mitarbeit in verschiedenen Osteopathischen Praxen mit Schwerpunkt der Behandlung von S\u00e4uglingen, Kindern und Schwangeren Weiterf\u00fchrende Fortbildungen in der osteopathischen S\u00e4uglings-,<\/p>\n","protected":false},"author":1,"featured_media":0,"parent":0,"menu_order":0,"comment_status":"closed","ping_status":"closed","template":"","meta":{"footnotes":""},"class_list":["post-27","page","type-page","status-publish","hentry"],"_links":{"self":[{"href":"https:\/\/www.osteopathie-wiesbaden.info\/index.php\/wp-json\/wp\/v2\/pages\/27","targetHints":{"allow":["GET"]}}],"collection":[{"href":"https:\/\/www.osteopathie-wiesbaden.info\/index.php\/wp-json\/wp\/v2\/pages"}],"about":[{"href":"https:\/\/www.osteopathie-wiesbaden.info\/index.php\/wp-json\/wp\/v2\/types\/page"}],"author":[{"embeddable":true,"href":"https:\/\/www.osteopathie-wiesbaden.info\/index.php\/wp-json\/wp\/v2\/users\/1"}],"replies":[{"embeddable":true,"href":"https:\/\/www.osteopathie-wiesbaden.info\/index.php\/wp-json\/wp\/v2\/comments?post=27"}],"version-history":[{"count":42,"href":"https:\/\/www.osteopathie-wiesbaden.info\/index.php\/wp-json\/wp\/v2\/pages\/27\/revisions"}],"predecessor-version":[{"id":920,"href":"https:\/\/www.osteopathie-wiesbaden.info\/index.php\/wp-json\/wp\/v2\/pages\/27\/revisions\/920"}],"wp:attachment":[{"href":"https:\/\/www.osteopathie-wiesbaden.info\/index.php\/wp-json\/wp\/v2\/media?parent=27"}],"curies":[{"name":"wp","href":"https:\/\/api.w.org\/{rel}","templated":true}]}}